{"id":325,"date":"2026-02-05T20:38:07","date_gmt":"2026-02-05T20:38:07","guid":{"rendered":"https:\/\/www.simonjanssen.nl\/zeroheroes\/?page_id=325"},"modified":"2026-02-11T10:54:17","modified_gmt":"2026-02-11T10:54:17","slug":"voor-partners","status":"publish","type":"page","link":"https:\/\/www.simonjanssen.nl\/zeroheroes\/voor-partners\/","title":{"rendered":"Voor partners"},"content":{"rendered":"<h3><strong>Samen sterker in energie<\/strong><\/h3>\n<p>De energiemarkt verandert razendsnel. Jouw klanten vragen steeds vaker om totaaloplossingen \u2014 en jij kunt ze bieden, samen met ons.<\/p>\n<p>Zero Heroes versterkt jouw dienstverlening als white-label partner, co-creator of kennisteam achter de schermen.<\/p>\n<h3><strong>Onze integrale aanpak<\/strong><\/h3>\n<p>E\u00e9n samenwerkingspartner voor alle energievraagstukken van jouw klanten \u2014 van verbruiksdata tot CO\u2082-reductieplan. Met onze aanpak (Compliancy \u2013 Monitoring \u2013 Optimalisatie) cre\u00ebren we continu inzicht, grip en resultaat.<\/p>\n<ul>\n<li>Compliance: voldoen aan alle relevante wet- en regelgeving<\/li>\n<li>Monitoring: continu inzicht in verbruik en afwijkingen<\/li>\n<li>Optimalisatie: structurele verbeteringen en borging van continu\u00efteit<\/li>\n<\/ul>\n<p>Resultaat: minder verspilling, lagere kosten, meer duurzaamheid en geen kopzorgen meer.<strong style=\"font-size: 16px;\"><img loading=\"lazy\" decoding=\"async\" class=\"aligncenter wp-image-372\" src=\"https:\/\/www.simonjanssen.nl\/zeroheroes\/wp-content\/uploads\/2026\/02\/Integrale-aanpak-met-jouw-specialisme.png\" alt=\"\" width=\"356\" height=\"356\" \/><\/strong><\/p>\n<h3>Waarom samenwerken<\/h3>\n<p>Jij voegt in de energieketen waarde toe binnen jouw eigen expertise-gebied. Maar samen bieden we m\u00e9\u00e9r dan afzonderlijk. Onze diensten vullen die van jou perfect aan en vice versa. Jouw klant krijgt \u00e9\u00e9n aanspreekpunt; jij vergroot je aanbod en klantbinding. Naast dat wij onze expertise beschikbaar stellen aan jouw klanten, ondersteunen we naar wens volledig in het salestraject. Vanuit jouw merk communiceren we direct naar de klant, stellen begrotingen of complete offertes op zodat je er eigenlijk geen omkijken meer naar hebt. Of wil je waardevolle input of ondersteuning in nieuwsbrieven of campagnes? Maar uiteindelijk bepaal jij wat je uit handen wil geven en wat niet.<\/p>\n<ul>\n<li>Breder ontzorgen van klanten<\/li>\n<li>Extra omzet en langdurige relaties<\/li>\n<li>Toegang tot kennis, tools en templates<\/li>\n<li>Geen vaste kosten of risico\u2019s wel extra inkomsten door commissies<\/li>\n<\/ul>\n<h3><strong>Samenwerkingsvormen<\/strong><\/h3>\n<ul>\n<li>Whitelabel: jouw merk, onze uitvoering<\/li>\n<li>Co-creatie: gezamenlijke projecten met gedeelde zichtbaarheid<\/li>\n<li>Revenue-share: winstdeling op projecten<\/li>\n<li>Support: ondersteuning bij offertes of uitvoering<\/li>\n<\/ul>\n<h3><strong>Met wie we samenwerken<\/strong><\/h3>\n<ul>\n<li>Adviesbureaus<\/li>\n<li>Installateurs<\/li>\n<li>Energieleveranciers<\/li>\n<li>Softwareontwikkelaars<\/li>\n<li>Energie-makelaars<\/li>\n<li>Brancheorganisaties<\/li>\n<li>Jouw bedrijf?<\/li>\n<\/ul>\n<p>Benieuwd naar hoe dit in de praktijk werkt? Zie onze <a href=\"https:\/\/www.simonjanssen.nl\/zeroheroes\/voor-partners\/partner-case\/\">partnercases<\/a>.<\/p>\n","protected":false},"excerpt":{"rendered":"<p>Samen sterker in energie De energiemarkt verandert razendsnel. Jouw klanten vragen steeds vaker om totaaloplossingen \u2014 en jij kunt ze bieden, samen met ons. Zero Heroes versterkt jouw dienstverlening als white-label partner, co-creator of kennisteam achter de schermen. Onze integrale aanpak E\u00e9n samenwerkingspartner voor alle energievraagstukken van jouw klanten \u2014 van verbruiksdata tot CO\u2082-reductieplan. Met [&hellip;]<\/p>\n","protected":false},"author":2,"featured_media":236,"parent":0,"menu_order":0,"comment_status":"closed","ping_status":"closed","template":"template-sidebar-left.php","meta":{"_acf_changed":false,"footnotes":""},"class_list":["post-325","page","type-page","status-publish","has-post-thumbnail","hentry"],"acf":[],"yoast_head":"<!-- This site is optimized with the Yoast SEO plugin v26.9 - https:\/\/yoast.com\/product\/yoast-seo-wordpress\/ -->\n<title>Voor partners - Zero Heroes<\/title>\n<meta name=\"robots\" content=\"index, follow, max-snippet:-1, max-image-preview:large, max-video-preview:-1\" \/>\n<link rel=\"canonical\" href=\"https:\/\/www.simonjanssen.nl\/zeroheroes\/voor-partners\/\" \/>\n<meta property=\"og:locale\" content=\"nl_NL\" \/>\n<meta property=\"og:type\" content=\"article\" \/>\n<meta property=\"og:title\" content=\"Voor partners - Zero Heroes\" \/>\n<meta property=\"og:description\" content=\"Samen sterker in energie De energiemarkt verandert razendsnel. Jouw klanten vragen steeds vaker om totaaloplossingen \u2014 en jij kunt ze bieden, samen met ons. Zero Heroes versterkt jouw dienstverlening als white-label partner, co-creator of kennisteam achter de schermen. Onze integrale aanpak E\u00e9n samenwerkingspartner voor alle energievraagstukken van jouw klanten \u2014 van verbruiksdata tot CO\u2082-reductieplan. Met [&hellip;]\" \/>\n<meta property=\"og:url\" content=\"https:\/\/www.simonjanssen.nl\/zeroheroes\/voor-partners\/\" \/>\n<meta property=\"og:site_name\" content=\"Zero Heroes\" \/>\n<meta property=\"article:modified_time\" content=\"2026-02-11T10:54:17+00:00\" \/>\n<meta property=\"og:image\" content=\"https:\/\/www.simonjanssen.nl\/zeroheroes\/wp-content\/uploads\/2026\/01\/ChatGPT-Image-21-jan-2026-13_59_42-e1769001445866.png\" \/>\n\t<meta property=\"og:image:width\" content=\"1472\" \/>\n\t<meta property=\"og:image:height\" content=\"578\" \/>\n\t<meta property=\"og:image:type\" content=\"image\/png\" \/>\n<meta name=\"twitter:card\" content=\"summary_large_image\" \/>\n<meta name=\"twitter:label1\" content=\"Geschatte leestijd\" \/>\n\t<meta name=\"twitter:data1\" content=\"1 minuut\" \/>\n<script type=\"application\/ld+json\" class=\"yoast-schema-graph\">{\"@context\":\"https:\/\/schema.org\",\"@graph\":[{\"@type\":\"WebPage\",\"@id\":\"https:\/\/www.simonjanssen.nl\/zeroheroes\/voor-partners\/\",\"url\":\"https:\/\/www.simonjanssen.nl\/zeroheroes\/voor-partners\/\",\"name\":\"Voor partners - Zero Heroes\",\"isPartOf\":{\"@id\":\"https:\/\/www.simonjanssen.nl\/zeroheroes\/#website\"},\"primaryImageOfPage\":{\"@id\":\"https:\/\/www.simonjanssen.nl\/zeroheroes\/voor-partners\/#primaryimage\"},\"image\":{\"@id\":\"https:\/\/www.simonjanssen.nl\/zeroheroes\/voor-partners\/#primaryimage\"},\"thumbnailUrl\":\"https:\/\/www.simonjanssen.nl\/zeroheroes\/wp-content\/uploads\/2026\/01\/ChatGPT-Image-21-jan-2026-13_59_42-e1769001445866.png\",\"datePublished\":\"2026-02-05T20:38:07+00:00\",\"dateModified\":\"2026-02-11T10:54:17+00:00\",\"breadcrumb\":{\"@id\":\"https:\/\/www.simonjanssen.nl\/zeroheroes\/voor-partners\/#breadcrumb\"},\"inLanguage\":\"nl-NL\",\"potentialAction\":[{\"@type\":\"ReadAction\",\"target\":[\"https:\/\/www.simonjanssen.nl\/zeroheroes\/voor-partners\/\"]}]},{\"@type\":\"ImageObject\",\"inLanguage\":\"nl-NL\",\"@id\":\"https:\/\/www.simonjanssen.nl\/zeroheroes\/voor-partners\/#primaryimage\",\"url\":\"https:\/\/www.simonjanssen.nl\/zeroheroes\/wp-content\/uploads\/2026\/01\/ChatGPT-Image-21-jan-2026-13_59_42-e1769001445866.png\",\"contentUrl\":\"https:\/\/www.simonjanssen.nl\/zeroheroes\/wp-content\/uploads\/2026\/01\/ChatGPT-Image-21-jan-2026-13_59_42-e1769001445866.png\",\"width\":1472,\"height\":578},{\"@type\":\"BreadcrumbList\",\"@id\":\"https:\/\/www.simonjanssen.nl\/zeroheroes\/voor-partners\/#breadcrumb\",\"itemListElement\":[{\"@type\":\"ListItem\",\"position\":1,\"name\":\"Home\",\"item\":\"https:\/\/www.simonjanssen.nl\/zeroheroes\/\"},{\"@type\":\"ListItem\",\"position\":2,\"name\":\"Voor partners\"}]},{\"@type\":\"WebSite\",\"@id\":\"https:\/\/www.simonjanssen.nl\/zeroheroes\/#website\",\"url\":\"https:\/\/www.simonjanssen.nl\/zeroheroes\/\",\"name\":\"Zero Heroes\",\"description\":\"Samen naar ZERO CO2-emissie!\",\"publisher\":{\"@id\":\"https:\/\/www.simonjanssen.nl\/zeroheroes\/#organization\"},\"potentialAction\":[{\"@type\":\"SearchAction\",\"target\":{\"@type\":\"EntryPoint\",\"urlTemplate\":\"https:\/\/www.simonjanssen.nl\/zeroheroes\/?s={search_term_string}\"},\"query-input\":{\"@type\":\"PropertyValueSpecification\",\"valueRequired\":true,\"valueName\":\"search_term_string\"}}],\"inLanguage\":\"nl-NL\"},{\"@type\":\"Organization\",\"@id\":\"https:\/\/www.simonjanssen.nl\/zeroheroes\/#organization\",\"name\":\"Zero Heroes\",\"url\":\"https:\/\/www.simonjanssen.nl\/zeroheroes\/\",\"logo\":{\"@type\":\"ImageObject\",\"inLanguage\":\"nl-NL\",\"@id\":\"https:\/\/www.simonjanssen.nl\/zeroheroes\/#\/schema\/logo\/image\/\",\"url\":\"https:\/\/www.simonjanssen.nl\/zeroheroes\/wp-content\/uploads\/2026\/01\/zero-heroes.svg\",\"contentUrl\":\"https:\/\/www.simonjanssen.nl\/zeroheroes\/wp-content\/uploads\/2026\/01\/zero-heroes.svg\",\"caption\":\"Zero Heroes\"},\"image\":{\"@id\":\"https:\/\/www.simonjanssen.nl\/zeroheroes\/#\/schema\/logo\/image\/\"}}]}<\/script>\n<!-- \/ Yoast SEO plugin. -->","yoast_head_json":{"title":"Voor partners - Zero Heroes","robots":{"index":"index","follow":"follow","max-snippet":"max-snippet:-1","max-image-preview":"max-image-preview:large","max-video-preview":"max-video-preview:-1"},"canonical":"https:\/\/www.simonjanssen.nl\/zeroheroes\/voor-partners\/","og_locale":"nl_NL","og_type":"article","og_title":"Voor partners - Zero Heroes","og_description":"Samen sterker in energie De energiemarkt verandert razendsnel. Jouw klanten vragen steeds vaker om totaaloplossingen \u2014 en jij kunt ze bieden, samen met ons. Zero Heroes versterkt jouw dienstverlening als white-label partner, co-creator of kennisteam achter de schermen. Onze integrale aanpak E\u00e9n samenwerkingspartner voor alle energievraagstukken van jouw klanten \u2014 van verbruiksdata tot CO\u2082-reductieplan. Met [&hellip;]","og_url":"https:\/\/www.simonjanssen.nl\/zeroheroes\/voor-partners\/","og_site_name":"Zero Heroes","article_modified_time":"2026-02-11T10:54:17+00:00","og_image":[{"width":1472,"height":578,"url":"https:\/\/www.simonjanssen.nl\/zeroheroes\/wp-content\/uploads\/2026\/01\/ChatGPT-Image-21-jan-2026-13_59_42-e1769001445866.png","type":"image\/png"}],"twitter_card":"summary_large_image","twitter_misc":{"Geschatte leestijd":"1 minuut"},"schema":{"@context":"https:\/\/schema.org","@graph":[{"@type":"WebPage","@id":"https:\/\/www.simonjanssen.nl\/zeroheroes\/voor-partners\/","url":"https:\/\/www.simonjanssen.nl\/zeroheroes\/voor-partners\/","name":"Voor partners - Zero Heroes","isPartOf":{"@id":"https:\/\/www.simonjanssen.nl\/zeroheroes\/#website"},"primaryImageOfPage":{"@id":"https:\/\/www.simonjanssen.nl\/zeroheroes\/voor-partners\/#primaryimage"},"image":{"@id":"https:\/\/www.simonjanssen.nl\/zeroheroes\/voor-partners\/#primaryimage"},"thumbnailUrl":"https:\/\/www.simonjanssen.nl\/zeroheroes\/wp-content\/uploads\/2026\/01\/ChatGPT-Image-21-jan-2026-13_59_42-e1769001445866.png","datePublished":"2026-02-05T20:38:07+00:00","dateModified":"2026-02-11T10:54:17+00:00","breadcrumb":{"@id":"https:\/\/www.simonjanssen.nl\/zeroheroes\/voor-partners\/#breadcrumb"},"inLanguage":"nl-NL","potentialAction":[{"@type":"ReadAction","target":["https:\/\/www.simonjanssen.nl\/zeroheroes\/voor-partners\/"]}]},{"@type":"ImageObject","inLanguage":"nl-NL","@id":"https:\/\/www.simonjanssen.nl\/zeroheroes\/voor-partners\/#primaryimage","url":"https:\/\/www.simonjanssen.nl\/zeroheroes\/wp-content\/uploads\/2026\/01\/ChatGPT-Image-21-jan-2026-13_59_42-e1769001445866.png","contentUrl":"https:\/\/www.simonjanssen.nl\/zeroheroes\/wp-content\/uploads\/2026\/01\/ChatGPT-Image-21-jan-2026-13_59_42-e1769001445866.png","width":1472,"height":578},{"@type":"BreadcrumbList","@id":"https:\/\/www.simonjanssen.nl\/zeroheroes\/voor-partners\/#breadcrumb","itemListElement":[{"@type":"ListItem","position":1,"name":"Home","item":"https:\/\/www.simonjanssen.nl\/zeroheroes\/"},{"@type":"ListItem","position":2,"name":"Voor partners"}]},{"@type":"WebSite","@id":"https:\/\/www.simonjanssen.nl\/zeroheroes\/#website","url":"https:\/\/www.simonjanssen.nl\/zeroheroes\/","name":"Zero Heroes","description":"Samen naar ZERO CO2-emissie!","publisher":{"@id":"https:\/\/www.simonjanssen.nl\/zeroheroes\/#organization"},"potentialAction":[{"@type":"SearchAction","target":{"@type":"EntryPoint","urlTemplate":"https:\/\/www.simonjanssen.nl\/zeroheroes\/?s={search_term_string}"},"query-input":{"@type":"PropertyValueSpecification","valueRequired":true,"valueName":"search_term_string"}}],"inLanguage":"nl-NL"},{"@type":"Organization","@id":"https:\/\/www.simonjanssen.nl\/zeroheroes\/#organization","name":"Zero Heroes","url":"https:\/\/www.simonjanssen.nl\/zeroheroes\/","logo":{"@type":"ImageObject","inLanguage":"nl-NL","@id":"https:\/\/www.simonjanssen.nl\/zeroheroes\/#\/schema\/logo\/image\/","url":"https:\/\/www.simonjanssen.nl\/zeroheroes\/wp-content\/uploads\/2026\/01\/zero-heroes.svg","contentUrl":"https:\/\/www.simonjanssen.nl\/zeroheroes\/wp-content\/uploads\/2026\/01\/zero-heroes.svg","caption":"Zero Heroes"},"image":{"@id":"https:\/\/www.simonjanssen.nl\/zeroheroes\/#\/schema\/logo\/image\/"}}]}},"_links":{"self":[{"href":"https:\/\/www.simonjanssen.nl\/zeroheroes\/wp-json\/wp\/v2\/pages\/325","targetHints":{"allow":["GET"]}}],"collection":[{"href":"https:\/\/www.simonjanssen.nl\/zeroheroes\/wp-json\/wp\/v2\/pages"}],"about":[{"href":"https:\/\/www.simonjanssen.nl\/zeroheroes\/wp-json\/wp\/v2\/types\/page"}],"author":[{"embeddable":true,"href":"https:\/\/www.simonjanssen.nl\/zeroheroes\/wp-json\/wp\/v2\/users\/2"}],"replies":[{"embeddable":true,"href":"https:\/\/www.simonjanssen.nl\/zeroheroes\/wp-json\/wp\/v2\/comments?post=325"}],"version-history":[{"count":19,"href":"https:\/\/www.simonjanssen.nl\/zeroheroes\/wp-json\/wp\/v2\/pages\/325\/revisions"}],"predecessor-version":[{"id":556,"href":"https:\/\/www.simonjanssen.nl\/zeroheroes\/wp-json\/wp\/v2\/pages\/325\/revisions\/556"}],"wp:featuredmedia":[{"embeddable":true,"href":"https:\/\/www.simonjanssen.nl\/zeroheroes\/wp-json\/wp\/v2\/media\/236"}],"wp:attachment":[{"href":"https:\/\/www.simonjanssen.nl\/zeroheroes\/wp-json\/wp\/v2\/media?parent=325"}],"curies":[{"name":"wp","href":"https:\/\/api.w.org\/{rel}","templated":true}]}}